{"id":7,"date":"2025-10-21T10:57:29","date_gmt":"2025-10-21T13:57:29","guid":{"rendered":"https:\/\/reobotecarnes.com.br\/?page_id=7"},"modified":"2025-11-24T13:50:10","modified_gmt":"2025-11-24T16:50:10","slug":"home","status":"publish","type":"page","link":"https:\/\/reobotecarnes.com.br\/en\/","title":{"rendered":"Home"},"content":{"rendered":"<div data-elementor-type=\"wp-post\" data-elementor-id=\"7\" class=\"elementor elementor-7\">\n\t\t\t\t<div class=\"elementor-element elementor-element-d5b4e8f e-flex e-con-boxed e-con e-parent\" data-id=\"d5b4e8f\" data-element_type=\"container\" data-e-type=\"container\" data-settings=\"{&quot;background_background&quot;:&quot;classic&quot;,&quot;shape_divider_bottom&quot;:&quot;opacity-tilt&quot;}\">\n\t\t\t\t\t<div class=\"e-con-inner\">\n\t\t\t\t<div class=\"elementor-shape elementor-shape-bottom\" aria-hidden=\"true\" data-negative=\"false\">\n\t\t\t<svg xmlns=\"http:\/\/www.w3.org\/2000\/svg\" viewbox=\"0 0 2600 131.1\" preserveaspectratio=\"none\">\n\t<path class=\"elementor-shape-fill\" d=\"M0 0L2600 0 2600 69.1 0 0z\"\/>\n\t<path class=\"elementor-shape-fill\" style=\"opacity:0.5\" d=\"M0 0L2600 0 2600 69.1 0 69.1z\"\/>\n\t<path class=\"elementor-shape-fill\" style=\"opacity:0.25\" d=\"M2600 0L0 0 0 130.1 2600 69.1z\"\/>\n<\/svg>\t\t<\/div>\n\t\t\t\t\t<\/div>\n\t\t\t\t<\/div>\n\t\t<div class=\"elementor-element elementor-element-b5e9478 e-flex e-con-boxed e-con e-parent\" data-id=\"b5e9478\" data-element_type=\"container\" data-e-type=\"container\" id=\"quemsomos\" data-settings=\"{&quot;background_background&quot;:&quot;classic&quot;}\">\n\t\t\t\t\t<div class=\"e-con-inner\">\n\t\t<div class=\"elementor-element elementor-element-b0de83e e-con-full e-flex e-con e-child\" data-id=\"b0de83e\" data-element_type=\"container\" data-e-type=\"container\">\n\t\t\t\t<div class=\"elementor-element elementor-element-47574ec elementor-widget elementor-widget-heading\" data-id=\"47574ec\" data-element_type=\"widget\" data-e-type=\"widget\" data-widget_type=\"heading.default\">\n\t\t\t\t\t<h2 class=\"elementor-heading-title elementor-size-default\">Who are we<\/h2>\t\t\t\t<\/div>\n\t\t\t\t<div class=\"elementor-element elementor-element-b61ca20 elementor-widget elementor-widget-text-editor\" data-id=\"b61ca20\" data-element_type=\"widget\" data-e-type=\"widget\" data-widget_type=\"text-editor.default\">\n\t\t\t\t\t\t\t\t\t<p>REOBOTE is a brazilian company specializing in animal protein, dedicated to providing high-quality meat products for the international market.<\/p><p>It's mission encompasses representing and advocating for the interests of the meat export sector both in Brazil and globally, while striving to reduce both tariff and non-tariff trade barriers.<\/p><p>Additionally, REOBOTE aims to promote the excellence of brazilian meat and strengthen its international reputation. The company's objectives include expanding the presence of brazilian meat in global markets and ensuring the quality and safety of exported products, thereby reinforcing confidence among international consumers.\n\nThe REOBOTE is a company working in the food industry, animal protein meat and meat products searching for the best products in brazil to meet international demand.<\/p>\t\t\t\t\t\t\t\t<\/div>\n\t\t\t\t<\/div>\n\t\t<div class=\"elementor-element elementor-element-34bfff5 e-con-full e-flex e-con e-child\" data-id=\"34bfff5\" data-element_type=\"container\" data-e-type=\"container\" data-settings=\"{&quot;background_background&quot;:&quot;classic&quot;}\">\n\t\t\t\t<\/div>\n\t\t\t\t\t<\/div>\n\t\t\t\t<\/div>\n\t\t<div class=\"elementor-element elementor-element-47e0ebe e-flex e-con-boxed e-con e-parent\" data-id=\"47e0ebe\" data-element_type=\"container\" data-e-type=\"container\" id=\"confiar\" data-settings=\"{&quot;background_background&quot;:&quot;classic&quot;}\">\n\t\t\t\t\t<div class=\"e-con-inner\">\n\t\t\t\t<div class=\"elementor-element elementor-element-06a6f0c elementor-widget elementor-widget-heading\" data-id=\"06a6f0c\" data-element_type=\"widget\" data-e-type=\"widget\" data-widget_type=\"heading.default\">\n\t\t\t\t\t<h2 class=\"elementor-heading-title elementor-size-default\">Agility and expertise you can trust!<\/h2>\t\t\t\t<\/div>\n\t\t\t\t<div class=\"elementor-element elementor-element-8ee2741 elementor-widget elementor-widget-text-editor\" data-id=\"8ee2741\" data-element_type=\"widget\" data-e-type=\"widget\" data-widget_type=\"text-editor.default\">\n\t\t\t\t\t\t\t\t\t<p>With over 20 years of experience in the import and export business, we've noticed numerous challenges in executing essential client prospecting strategies for companies seeking to expand their markets.<\/p><p>The Brazilian CLT (Consolidation of Labor Laws) standard is increasingly obsolete and bureaucratic, with a heavy labor burden. This makes outsourcing focused on proactive client prospecting in import and export a smart alternative!<\/p><p>At REOBOTE, we act as sales representatives with a focus on the food market, connecting Brazilian companies to key international markets, enabling you to establish and strengthen your brand in the world's largest consumer countries.<\/p><p>We have a highly knowledgeable team across a wide range of products, with significant experience in the sale of animal protein and its derivatives. We also have important partners in logistics, documentation, and customs clearance to facilitate every operation from production to cargo release at its final destination.<\/p><p>Our purpose is to help clients (importers and exporters) develop SCOPE in international business with security and reliability, providing both with satisfaction and complete support in all phases of this process.<\/p><p>These more than 20 years of experience in this market have given us enough expertise to negotiate the products offered and requested to us with security and competence.<\/p><p>We use tools that allow us to obtain a more in-depth registration analysis of our clients and we have a partnership with an international credit insurance company, which enables us to operate more securely in commercial transactions.<\/p><p>We also know that no one achieves success alone, and that's why we count on everyone's collaboration in pursuit of a single ideal: \"SUCCESS\".<\/p>\t\t\t\t\t\t\t\t<\/div>\n\t\t\t\t\t<\/div>\n\t\t\t\t<\/div>\n\t\t<div class=\"elementor-element elementor-element-0cf4440 e-flex e-con-boxed e-con e-parent\" data-id=\"0cf4440\" data-element_type=\"container\" data-e-type=\"container\" id=\"contato\">\n\t\t\t\t\t<div class=\"e-con-inner\">\n\t\t\t\t<div class=\"elementor-element elementor-element-18b0b6c elementor-widget__width-inherit elementor-widget elementor-widget-heading\" data-id=\"18b0b6c\" data-element_type=\"widget\" data-e-type=\"widget\" data-widget_type=\"heading.default\">\n\t\t\t\t\t<h2 class=\"elementor-heading-title elementor-size-default\">Count on us to expand your company's sales horizons!<\/h2>\t\t\t\t<\/div>\n\t\t\t\t<div class=\"elementor-element elementor-element-24ab1b2 elementor-hidden-tablet elementor-hidden-mobile elementor-widget elementor-widget-spacer\" data-id=\"24ab1b2\" data-element_type=\"widget\" data-e-type=\"widget\" data-widget_type=\"spacer.default\">\n\t\t\t\t\t\t\t<div class=\"elementor-spacer\">\n\t\t\t<div class=\"elementor-spacer-inner\"><\/div>\n\t\t<\/div>\n\t\t\t\t\t\t<\/div>\n\t\t\t\t<div class=\"elementor-element elementor-element-7711888 elementor-widget__width-inherit elementor-widget elementor-widget-shortcode\" data-id=\"7711888\" data-element_type=\"widget\" data-e-type=\"widget\" data-widget_type=\"shortcode.default\">\n\t\t\t\t\t\t\t<div class=\"elementor-shortcode\">\n<div class=\"wpcf7 no-js\" id=\"wpcf7-f55-o1\" lang=\"pt-BR\" dir=\"ltr\" data-wpcf7-id=\"55\">\n<div class=\"screen-reader-response\"><p role=\"status\" aria-live=\"polite\" aria-atomic=\"true\"><\/p> <ul><\/ul><\/div>\n<form action=\"\/en\/wp-json\/wp\/v2\/pages\/7#wpcf7-f55-o1\" method=\"post\" class=\"wpcf7-form init\" aria-label=\"Formul\u00e1rios de contato\" novalidate=\"novalidate\" data-status=\"init\" data-trp-original-action=\"\/en\/wp-json\/wp\/v2\/pages\/7#wpcf7-f55-o1\">\n<fieldset class=\"hidden-fields-container\"><input type=\"hidden\" name=\"_wpcf7\" value=\"55\" \/><input type=\"hidden\" name=\"_wpcf7_version\" value=\"6.1.5\" \/><input type=\"hidden\" name=\"_wpcf7_locale\" value=\"pt_BR\" \/><input type=\"hidden\" name=\"_wpcf7_unit_tag\" value=\"wpcf7-f55-o1\" \/><input type=\"hidden\" name=\"_wpcf7_container_post\" value=\"0\" \/><input type=\"hidden\" name=\"_wpcf7_posted_data_hash\" value=\"\" \/>\n<\/fieldset>\n<p><label>Name <\/label><br \/>\n<span class=\"wpcf7-form-control-wrap\" data-name=\"your-name\"><input size=\"40\" maxlength=\"400\" class=\"wpcf7-form-control wpcf7-text wpcf7-validates-as-required\" autocomplete=\"name\" aria-required=\"true\" aria-invalid=\"false\" value=\"\" type=\"text\" name=\"your-name\" \/><\/span>\n<\/p>\n<p><label>E-mail <\/label><br \/>\n<span class=\"wpcf7-form-control-wrap\" data-name=\"your-email\"><input size=\"40\" maxlength=\"400\" class=\"wpcf7-form-control wpcf7-email wpcf7-validates-as-required wpcf7-text wpcf7-validates-as-email\" autocomplete=\"email\" aria-required=\"true\" aria-invalid=\"false\" value=\"\" type=\"email\" name=\"your-email\" \/><\/span>\n<\/p>\n<p><label>Phone <\/label><br \/>\n<span class=\"wpcf7-form-control-wrap\" data-name=\"your-tel\"><input size=\"40\" maxlength=\"400\" class=\"wpcf7-form-control wpcf7-tel wpcf7-text wpcf7-validates-as-tel\" autocomplete=\"tel\" aria-invalid=\"false\" placeholder=\"00 00000-0000\" value=\"\" type=\"tel\" name=\"your-tel\" \/><\/span>\n<\/p>\n<p><label>Subject <\/label><br \/>\n<span class=\"wpcf7-form-control-wrap\" data-name=\"your-subject\"><input size=\"40\" maxlength=\"400\" class=\"wpcf7-form-control wpcf7-text wpcf7-validates-as-required\" aria-required=\"true\" aria-invalid=\"false\" value=\"\" type=\"text\" name=\"your-subject\" \/><\/span>\n<\/p>\n<p><label>Message <\/label><br \/>\n<span class=\"wpcf7-form-control-wrap\" data-name=\"your-message\"><textarea cols=\"40\" rows=\"10\" maxlength=\"2000\" class=\"wpcf7-form-control wpcf7-textarea\" aria-invalid=\"false\" name=\"your-message\"><\/textarea><\/span>\n<\/p>\n<div class=\"wpcf7-turnstile cf-turnstile\" data-sitekey=\"0x4AAAAAACCqBWZnBiBQBeht\" data-response-field-name=\"_wpcf7_turnstile_response\" data-theme=\"light\"><\/div>\n<p><input class=\"wpcf7-form-control wpcf7-submit has-spinner\" type=\"submit\" value=\"Send\" \/>\n<\/p><p style=\"display: none !important;\" class=\"akismet-fields-container\" data-prefix=\"_wpcf7_ak_\"><label>&#916;<textarea name=\"_wpcf7_ak_hp_textarea\" cols=\"45\" rows=\"8\" maxlength=\"100\"><\/textarea><\/label><input type=\"hidden\" id=\"ak_js_1\" name=\"_wpcf7_ak_js\" value=\"128\"\/><script>document.getElementById( \"ak_js_1\" ).setAttribute( \"value\", ( new Date() ).getTime() );<\/script><\/p><div class=\"wpcf7-response-output\" aria-hidden=\"true\"><\/div>\n<input type=\"hidden\" name=\"trp-form-language\" value=\"en\"\/><\/form>\n<\/div>\n<\/div>\n\t\t\t\t\t\t<\/div>\n\t\t\t\t\t<\/div>\n\t\t\t\t<\/div>\n\t\t\t\t<\/div>","protected":false},"excerpt":{"rendered":"<p>Quem Somos A REOBOTE \u00e9 uma empresa brasileira que se destaca na produ\u00e7\u00e3o de prote\u00edna animal, oferecendo carne de alta qualidade para o mercado global. Sua miss\u00e3o \u00e9 representar e defender os interesses do setor exportador de carne, visando a redu\u00e7\u00e3o de barreiras comerciais tarif\u00e1rias e n\u00e3o tarif\u00e1rias. Al\u00e9m disso, busca promover a excel\u00eancia da [&hellip;]<\/p>\n","protected":false},"author":1,"featured_media":0,"parent":0,"menu_order":0,"comment_status":"closed","ping_status":"closed","template":"","meta":{"footnotes":""},"class_list":["post-7","page","type-page","status-publish","hentry"],"_links":{"self":[{"href":"https:\/\/reobotecarnes.com.br\/en\/wp-json\/wp\/v2\/pages\/7","targetHints":{"allow":["GET"]}}],"collection":[{"href":"https:\/\/reobotecarnes.com.br\/en\/wp-json\/wp\/v2\/pages"}],"about":[{"href":"https:\/\/reobotecarnes.com.br\/en\/wp-json\/wp\/v2\/types\/page"}],"author":[{"embeddable":true,"href":"https:\/\/reobotecarnes.com.br\/en\/wp-json\/wp\/v2\/users\/1"}],"replies":[{"embeddable":true,"href":"https:\/\/reobotecarnes.com.br\/en\/wp-json\/wp\/v2\/comments?post=7"}],"version-history":[{"count":42,"href":"https:\/\/reobotecarnes.com.br\/en\/wp-json\/wp\/v2\/pages\/7\/revisions"}],"predecessor-version":[{"id":94,"href":"https:\/\/reobotecarnes.com.br\/en\/wp-json\/wp\/v2\/pages\/7\/revisions\/94"}],"wp:attachment":[{"href":"https:\/\/reobotecarnes.com.br\/en\/wp-json\/wp\/v2\/media?parent=7"}],"curies":[{"name":"wp","href":"https:\/\/api.w.org\/{rel}","templated":true}]}}